{"id":194,"date":"2024-12-11T10:26:11","date_gmt":"2024-12-11T10:26:11","guid":{"rendered":"https:\/\/estudiosretiro.com\/?page_id=194"},"modified":"2025-06-01T10:38:08","modified_gmt":"2025-06-01T10:38:08","slug":"juanma-beneitez","status":"publish","type":"page","link":"https:\/\/estudiosretiro.com\/index.php\/juanma-beneitez\/","title":{"rendered":"Juanma Ben\u00edtez"},"content":{"rendered":"\n<div style=\"height:50px\" aria-hidden=\"true\" class=\"wp-block-spacer\"><\/div>\n\n\n\n<div class=\"wp-block-columns is-layout-flex wp-container-core-columns-is-layout-28f84493 wp-block-columns-is-layout-flex\">\n<div class=\"wp-block-column is-layout-flow wp-block-column-is-layout-flow\" style=\"flex-basis:66.66%\">\n<figure class=\"wp-block-image size-large\"><img loading=\"lazy\" decoding=\"async\" width=\"819\" height=\"1024\" src=\"http:\/\/estudiosretiro.com\/wp-content\/uploads\/2024\/12\/460693750_1569523693650188_8750260553646467100_n-819x1024.jpg\" alt=\"\" class=\"wp-image-195\" srcset=\"https:\/\/estudiosretiro.com\/wp-content\/uploads\/2024\/12\/460693750_1569523693650188_8750260553646467100_n-819x1024.jpg 819w, https:\/\/estudiosretiro.com\/wp-content\/uploads\/2024\/12\/460693750_1569523693650188_8750260553646467100_n-240x300.jpg 240w, https:\/\/estudiosretiro.com\/wp-content\/uploads\/2024\/12\/460693750_1569523693650188_8750260553646467100_n-768x960.jpg 768w, https:\/\/estudiosretiro.com\/wp-content\/uploads\/2024\/12\/460693750_1569523693650188_8750260553646467100_n.jpg 1080w\" sizes=\"auto, (max-width: 819px) 100vw, 819px\" \/><\/figure>\n<\/div>\n\n\n\n<div class=\"wp-block-column is-layout-flow wp-block-column-is-layout-flow\" style=\"flex-basis:33.33%\">\n<h5 class=\"wp-block-heading\"><strong>Juanma Ben\u00edtez<\/strong> <a href=\"https:\/\/www.instagram.com\/juanma_b_grima_\/\" data-type=\"link\" data-id=\"https:\/\/www.instagram.com\/juanma_b_grima_\/\">@juanma_b_grima_<\/a><\/h5>\n\n\n\n<p>Juanma B Grima (Coria del R\u00edo, Sevilla, 1992) es graduado en Bellas Artes por la Universidad de Sevilla en el a\u00f1o 2018, obteniendo el M\u00e1ster en Producci\u00f3n Art\u00edstica Interdisciplinar por la Universidad de M\u00e1laga en 2020.<\/p>\n\n\n\n<p>En 2023 realiza su primera individual ANALOG\u00cdAS ANIMADAS DE AYER Y HOY PRESENTAN A JUANMA BEN\u00cdTEZ GRIMA EN: A SOLO SHOW! (Navel Art Gallery, Madrid). Ha realizado dos exposiciones duales: DOUBLE TROUBLE (2018, El Butr\u00f3n, Sevilla) y SOMOS PRECIOSOS, SOMOS IN\u00daTILES (2017, Espacio Lara\u00f1a, Sevilla).<\/p>\n\n\n\n<p>En 2024 participa en la feria SPRING\/BREAK ART SHOW (Nueva York, E.E.U.U). Ha participado en dicersas exposiciones colectivas entre las que se encuentran VIENTO A FAVOR (2024, Sala Pescader\u00eda Vieja, Jerez de la Frontera, C\u00e1diz), EUFORIA INTIMIDAD Y DEPRESI\u00d3N (2024, Fundaci\u00f3n Unicaja, Sevilla), ETC\u00c9TERA, ETC\u00c9TERA. (2022, Galer\u00eda Yusto\/Giner. Marbella y Madrid), INT20 (2021, Centro Cultural MVA, M\u00e1laga) y IT\u2019S NOT DIRTY, IT\u2019S PAINTED (2020, FASE, L\u2019Hospitalet de Llobregat, Barcelona).<\/p>\n\n\n\n<p>Ha sido premiado con el VIII Premio UNIA de Pintura (2022), con el Premio ARTSFAD al Mejor Dise\u00f1o Art\u00edstico del A\u00f1o por el Disseny Hub de Barcelona (2019), Premio Adquisici\u00f3n en el XL Certamen Nacional de Arte Contempor\u00e1neo Ciudad de Utrera (2019), as\u00ed como becado en la XX Promoci\u00f3n de la Fundaci\u00f3n Antonio Gala para J\u00f3venes Creadores (2021).<\/p>\n\n\n\n<p>Su obra podemos encontrarla en colecciones como la Fundaci\u00f3n Antonio Gala, Universidad Internacional de Andaluc\u00eda o el Excmo. Ayuntamiento de Utrera.<\/p>\n\n\n\n<p>El trabajo de Juanma B Grima persigue la canalizaci\u00f3n de una cantidad de referencias que van desde la evidente influencia de la historia de la pintura, las casu\u00edstcas del arte contempor\u00e1neo, la cultura urbana de finales de los noventa y principios de los dosmil, el c\u00f3mic o el cine, formulando un universo personal e identitario. En \u00e9l combina contextos enfrentados, no tanto para buscar una s\u00edntesis entre ellos o para intentar reconciliarlos, sino para ponerlos en tensi\u00f3n, persiguiendo un resultado visual entre la ucron\u00eda y la anacron\u00eda.<\/p>\n\n\n\n<p>Concibe la pintura como tradici\u00f3n, que al encarnarse por medio del autor que participa de ella, se vuelve re-presentaci\u00f3n de una idea de pintura individual, acotada siempre por su condici\u00f3n contextual historicista y tradicional. As\u00ed, en esta confrontaci\u00f3n de referencias cruzadas, la pintura, al participar como presentaci\u00f3n de s\u00ed misma, acontece como nuevo contexto con el que interpretar lo iconogr\u00e1fico.<\/p>\n\n\n\n<p><\/p>\n<\/div>\n<\/div>\n","protected":false},"excerpt":{"rendered":"<p>Juanma Ben\u00edtez @juanma_b_grima_ Juanma B Grima (Coria del R\u00edo, Sevilla, 1992) es graduado en Bellas Artes por la Universidad de [&hellip;]<\/p>\n","protected":false},"author":1,"featured_media":0,"parent":0,"menu_order":0,"comment_status":"closed","ping_status":"closed","template":"","meta":{"site-sidebar-layout":"default","site-content-layout":"","ast-site-content-layout":"","site-content-style":"default","site-sidebar-style":"default","ast-global-header-display":"","ast-banner-title-visibility":"","ast-main-header-display":"","ast-hfb-above-header-display":"","ast-hfb-below-header-display":"","ast-hfb-mobile-header-display":"","site-post-title":"disabled","ast-breadcrumbs-content":"","ast-featured-img":"","footer-sml-layout":"","theme-transparent-header-meta":"","adv-header-id-meta":"","stick-header-meta":"","header-above-stick-meta":"","header-main-stick-meta":"","header-below-stick-meta":"","astra-migrate-meta-layouts":"default","ast-page-background-enabled":"default","ast-page-background-meta":{"desktop":{"background-color":"var(--ast-global-color-4)","background-image":"","background-repeat":"repeat","background-position":"center center","background-size":"auto","background-attachment":"scroll","background-type":"","background-media":"","overlay-type":"","overlay-color":"","overlay-opacity":"","overlay-gradient":""},"tablet":{"background-color":"","background-image":"","background-repeat":"repeat","background-position":"center center","background-size":"auto","background-attachment":"scroll","background-type":"","background-media":"","overlay-type":"","overlay-color":"","overlay-opacity":"","overlay-gradient":""},"mobile":{"background-color":"","background-image":"","background-repeat":"repeat","background-position":"center center","background-size":"auto","background-attachment":"scroll","background-type":"","background-media":"","overlay-type":"","overlay-color":"","overlay-opacity":"","overlay-gradient":""}},"ast-content-background-meta":{"desktop":{"background-color":"var(--ast-global-color-5)","background-image":"","background-repeat":"repeat","background-position":"center center","background-size":"auto","background-attachment":"scroll","background-type":"","background-media":"","overlay-type":"","overlay-color":"","overlay-opacity":"","overlay-gradient":""},"tablet":{"background-color":"var(--ast-global-color-5)","background-image":"","background-repeat":"repeat","background-position":"center center","background-size":"auto","background-attachment":"scroll","background-type":"","background-media":"","overlay-type":"","overlay-color":"","overlay-opacity":"","overlay-gradient":""},"mobile":{"background-color":"var(--ast-global-color-5)","background-image":"","background-repeat":"repeat","background-position":"center center","background-size":"auto","background-attachment":"scroll","background-type":"","background-media":"","overlay-type":"","overlay-color":"","overlay-opacity":"","overlay-gradient":""}},"footnotes":""},"class_list":["post-194","page","type-page","status-publish","hentry"],"_links":{"self":[{"href":"https:\/\/estudiosretiro.com\/index.php\/wp-json\/wp\/v2\/pages\/194","targetHints":{"allow":["GET"]}}],"collection":[{"href":"https:\/\/estudiosretiro.com\/index.php\/wp-json\/wp\/v2\/pages"}],"about":[{"href":"https:\/\/estudiosretiro.com\/index.php\/wp-json\/wp\/v2\/types\/page"}],"author":[{"embeddable":true,"href":"https:\/\/estudiosretiro.com\/index.php\/wp-json\/wp\/v2\/users\/1"}],"replies":[{"embeddable":true,"href":"https:\/\/estudiosretiro.com\/index.php\/wp-json\/wp\/v2\/comments?post=194"}],"version-history":[{"count":10,"href":"https:\/\/estudiosretiro.com\/index.php\/wp-json\/wp\/v2\/pages\/194\/revisions"}],"predecessor-version":[{"id":246,"href":"https:\/\/estudiosretiro.com\/index.php\/wp-json\/wp\/v2\/pages\/194\/revisions\/246"}],"wp:attachment":[{"href":"https:\/\/estudiosretiro.com\/index.php\/wp-json\/wp\/v2\/media?parent=194"}],"curies":[{"name":"wp","href":"https:\/\/api.w.org\/{rel}","templated":true}]}}