{"id":190,"date":"2024-12-11T10:22:41","date_gmt":"2024-12-11T10:22:41","guid":{"rendered":"https:\/\/estudiosretiro.com\/?page_id=190"},"modified":"2024-12-11T10:22:41","modified_gmt":"2024-12-11T10:22:41","slug":"amara-toledo","status":"publish","type":"page","link":"https:\/\/estudiosretiro.com\/index.php\/amara-toledo\/","title":{"rendered":"Amara Toledo"},"content":{"rendered":"\n<div style=\"height:50px\" aria-hidden=\"true\" class=\"wp-block-spacer\"><\/div>\n\n\n\n<div class=\"wp-block-columns is-layout-flex wp-container-core-columns-is-layout-28f84493 wp-block-columns-is-layout-flex\">\n<div class=\"wp-block-column is-layout-flow wp-block-column-is-layout-flow\" style=\"flex-basis:66.66%\">\n<figure class=\"wp-block-image size-large\"><img loading=\"lazy\" decoding=\"async\" width=\"819\" height=\"1024\" src=\"https:\/\/estudiosretiro.com\/wp-content\/uploads\/2024\/12\/amara-819x1024.jpg\" alt=\"\" class=\"wp-image-191\" srcset=\"https:\/\/estudiosretiro.com\/wp-content\/uploads\/2024\/12\/amara-819x1024.jpg 819w, https:\/\/estudiosretiro.com\/wp-content\/uploads\/2024\/12\/amara-240x300.jpg 240w, https:\/\/estudiosretiro.com\/wp-content\/uploads\/2024\/12\/amara-768x960.jpg 768w, https:\/\/estudiosretiro.com\/wp-content\/uploads\/2024\/12\/amara.jpg 1080w\" sizes=\"auto, (max-width: 819px) 100vw, 819px\" \/><\/figure>\n<\/div>\n\n\n\n<div class=\"wp-block-column is-layout-flow wp-block-column-is-layout-flow\" style=\"flex-basis:33.33%\">\n<h5 class=\"wp-block-heading\"><strong>Amara Toledo<\/strong> <a href=\"https:\/\/www.instagram.com\/amara.toledo\/\" data-type=\"link\" data-id=\"https:\/\/www.instagram.com\/amara.toledo\/\">@amara.toledo<\/a><\/h5>\n\n\n\n<p>(Sevilla, 1997)<br><br>Graduada en Bellas Artes por la Universidad de Sevilla y egresada de la UPV\/EHU tras cursar el M\u00e1ster de pintura; Amara indaga en la imagen y su semi\u00f3tica a trav\u00e9s de la pintura. Parte de una b\u00fasqueda de im\u00e1genes, que posteriormente pone en relaci\u00f3n entre ellas a la vez que con otras creadas por ella. Este amalgama genera campos de trabajo en los que las im\u00e1genes se relacionan libremente, creando una serie de fotogramas; como si de un film se tratara, para crear una narrativa que posteriormente se ve unida por su traducci\u00f3n al campo pict\u00f3rico.<\/p>\n\n\n\n<p>El proceso pict\u00f3rico parte de esta amalgama y durante \u00e9l mismo, las im\u00e1genes se transforman a trav\u00e9s de la pintura con un lenguaje sencillo pero preciso. Esto da como resultado una figuraci\u00f3n que a\u00fana en un mismo lenguaje este flujo de referencias.<\/p>\n\n\n\n<p><\/p>\n<\/div>\n<\/div>\n","protected":false},"excerpt":{"rendered":"<p>Amara Toledo @amara.toledo (Sevilla, 1997) Graduada en Bellas Artes por la Universidad de Sevilla y egresada de la UPV\/EHU tras [&hellip;]<\/p>\n","protected":false},"author":1,"featured_media":0,"parent":0,"menu_order":0,"comment_status":"closed","ping_status":"closed","template":"","meta":{"site-sidebar-layout":"default","site-content-layout":"","ast-site-content-layout":"","site-content-style":"default","site-sidebar-style":"default","ast-global-header-display":"","ast-banner-title-visibility":"","ast-main-header-display":"","ast-hfb-above-header-display":"","ast-hfb-below-header-display":"","ast-hfb-mobile-header-display":"","site-post-title":"disabled","ast-breadcrumbs-content":"","ast-featured-img":"","footer-sml-layout":"","theme-transparent-header-meta":"","adv-header-id-meta":"","stick-header-meta":"","header-above-stick-meta":"","header-main-stick-meta":"","header-below-stick-meta":"","astra-migrate-meta-layouts":"default","ast-page-background-enabled":"default","ast-page-background-meta":{"desktop":{"background-color":"var(--ast-global-color-4)","background-image":"","background-repeat":"repeat","background-position":"center center","background-size":"auto","background-attachment":"scroll","background-type":"","background-media":"","overlay-type":"","overlay-color":"","overlay-opacity":"","overlay-gradient":""},"tablet":{"background-color":"","background-image":"","background-repeat":"repeat","background-position":"center center","background-size":"auto","background-attachment":"scroll","background-type":"","background-media":"","overlay-type":"","overlay-color":"","overlay-opacity":"","overlay-gradient":""},"mobile":{"background-color":"","background-image":"","background-repeat":"repeat","background-position":"center center","background-size":"auto","background-attachment":"scroll","background-type":"","background-media":"","overlay-type":"","overlay-color":"","overlay-opacity":"","overlay-gradient":""}},"ast-content-background-meta":{"desktop":{"background-color":"var(--ast-global-color-5)","background-image":"","background-repeat":"repeat","background-position":"center center","background-size":"auto","background-attachment":"scroll","background-type":"","background-media":"","overlay-type":"","overlay-color":"","overlay-opacity":"","overlay-gradient":""},"tablet":{"background-color":"var(--ast-global-color-5)","background-image":"","background-repeat":"repeat","background-position":"center center","background-size":"auto","background-attachment":"scroll","background-type":"","background-media":"","overlay-type":"","overlay-color":"","overlay-opacity":"","overlay-gradient":""},"mobile":{"background-color":"var(--ast-global-color-5)","background-image":"","background-repeat":"repeat","background-position":"center center","background-size":"auto","background-attachment":"scroll","background-type":"","background-media":"","overlay-type":"","overlay-color":"","overlay-opacity":"","overlay-gradient":""}},"footnotes":""},"class_list":["post-190","page","type-page","status-publish","hentry"],"_links":{"self":[{"href":"https:\/\/estudiosretiro.com\/index.php\/wp-json\/wp\/v2\/pages\/190","targetHints":{"allow":["GET"]}}],"collection":[{"href":"https:\/\/estudiosretiro.com\/index.php\/wp-json\/wp\/v2\/pages"}],"about":[{"href":"https:\/\/estudiosretiro.com\/index.php\/wp-json\/wp\/v2\/types\/page"}],"author":[{"embeddable":true,"href":"https:\/\/estudiosretiro.com\/index.php\/wp-json\/wp\/v2\/users\/1"}],"replies":[{"embeddable":true,"href":"https:\/\/estudiosretiro.com\/index.php\/wp-json\/wp\/v2\/comments?post=190"}],"version-history":[{"count":1,"href":"https:\/\/estudiosretiro.com\/index.php\/wp-json\/wp\/v2\/pages\/190\/revisions"}],"predecessor-version":[{"id":192,"href":"https:\/\/estudiosretiro.com\/index.php\/wp-json\/wp\/v2\/pages\/190\/revisions\/192"}],"wp:attachment":[{"href":"https:\/\/estudiosretiro.com\/index.php\/wp-json\/wp\/v2\/media?parent=190"}],"curies":[{"name":"wp","href":"https:\/\/api.w.org\/{rel}","templated":true}]}}