{"id":177,"date":"2024-12-11T10:11:31","date_gmt":"2024-12-11T10:11:31","guid":{"rendered":"https:\/\/estudiosretiro.com\/?page_id=177"},"modified":"2025-06-01T10:47:54","modified_gmt":"2025-06-01T10:47:54","slug":"raquel-molina","status":"publish","type":"page","link":"https:\/\/estudiosretiro.com\/index.php\/raquel-molina\/","title":{"rendered":"Raquel Molina"},"content":{"rendered":"\n<div style=\"height:50px\" aria-hidden=\"true\" class=\"wp-block-spacer\"><\/div>\n\n\n\n<div class=\"wp-block-columns is-layout-flex wp-container-core-columns-is-layout-28f84493 wp-block-columns-is-layout-flex\">\n<div class=\"wp-block-column is-layout-flow wp-block-column-is-layout-flow\" style=\"flex-basis:66.66%\">\n<figure class=\"wp-block-image size-large\"><img loading=\"lazy\" decoding=\"async\" width=\"820\" height=\"1024\" src=\"https:\/\/estudiosretiro.com\/wp-content\/uploads\/2024\/12\/raquel-820x1024.jpg\" alt=\"\" class=\"wp-image-178\" srcset=\"https:\/\/estudiosretiro.com\/wp-content\/uploads\/2024\/12\/raquel-820x1024.jpg 820w, https:\/\/estudiosretiro.com\/wp-content\/uploads\/2024\/12\/raquel-240x300.jpg 240w, https:\/\/estudiosretiro.com\/wp-content\/uploads\/2024\/12\/raquel-768x959.jpg 768w, https:\/\/estudiosretiro.com\/wp-content\/uploads\/2024\/12\/raquel.jpg 1080w\" sizes=\"auto, (max-width: 820px) 100vw, 820px\" \/><\/figure>\n<\/div>\n\n\n\n<div class=\"wp-block-column is-layout-flow wp-block-column-is-layout-flow\" style=\"flex-basis:33.33%\">\n<h5 class=\"wp-block-heading\"><strong>Raquel Jim\u00e9nez Molina<\/strong> <a href=\"https:\/\/www.instagram.com\/raqueljmolina\/\" data-type=\"link\" data-id=\"https:\/\/www.instagram.com\/raqueljmolina\/\">@raqueljmolina<\/a><\/h5>\n\n\n\n<p>(Albacete, 1989) <\/p>\n\n\n\n<p>Raquel Jim\u00e9nez Molina estudi\u00f3 Bellas Artes en la <em>Universitat Polit\u00e8cnica de Val\u00e8ncia<\/em> e Historia del Arte en la <em>Universitat de Val\u00e8ncia<\/em>. Termin\u00f3 sus estudios en la <em>Universit\u00e9 Pierre Mend\u00e8s France<\/em> de Grenoble (Francia) y residi\u00f3 en Par\u00eds tras recibir una beca de formaci\u00f3n en el Mus\u00e9e d\u2019Orsay. Vive y trabaja en Sevilla, donde cursa el M\u00e1ster Universitario en Arte, Idea y Producci\u00f3n de la Facultad de Bellas Artes..<\/p>\n\n\n\n<p>En noviembre de 2024 realiza su primera exposici\u00f3n individual, <em>Dec\u00edrtelo todo por primera vez<\/em>, en MXM Galer\u00eda, Madrid. Ha formado parte de <em>UVNT Art Fair<\/em> 2025 con MXM Galer\u00eda, y ha participado en exposiciones colectivas como <em>Small Talk<\/em> (Galer\u00eda Adhesivo Contemporary, Ciudad de M\u00e9xico), <em>JARANA Jornadas de Arte Actual Nacional<\/em> (Centro Cultural Juan Francisco Casas, La Carolina, Ja\u00e9n)<em>, Platafina <\/em>(Estudios Retiro, Sevilla), <em>La conjura de las im\u00e1genes<\/em> (Espacio Lara\u00f1a, Sevilla, y John Holland Gallery, Huelva), <em>Crom\u00e1tica: VII Bienal de Pintura Joven<\/em> (Sala \u00c1ngel Valente, Ourense) y <em>Pausa<\/em> (Magas\u00e9 Art Gallery, Sevilla).<\/p>\n\n\n\n<p>Su producci\u00f3n pict\u00f3rica aborda la figura femenina, su carga simb\u00f3lica y la manifestaci\u00f3n de la identidad a trav\u00e9s de la vestimenta y el adorno, enfoc\u00e1ndose en elementos tradicionalmente asociados a la \u201cni\u00f1a buena\u201d, que combina e inserta en narrativas inspiradas en la vida campestre, la literatura medieval y los cuentos de hadas, la est\u00e9tica \u201c<em>college<\/em>\u201d y el cine de Hitchcock. Interesada en el concepto de inocencia y en las convenciones del amor rom\u00e1ntico, compone im\u00e1genes a menudo fragmentadas, centradas en primeros planos que dirigen la atenci\u00f3n al detalle y ocultan el contexto de las figuras representadas.<\/p>\n\n\n\n<p><\/p>\n\n\n\n<p><\/p>\n<\/div>\n<\/div>\n","protected":false},"excerpt":{"rendered":"<p>Raquel Jim\u00e9nez Molina @raqueljmolina (Albacete, 1989) Raquel Jim\u00e9nez Molina estudi\u00f3 Bellas Artes en la Universitat Polit\u00e8cnica de Val\u00e8ncia e Historia [&hellip;]<\/p>\n","protected":false},"author":1,"featured_media":0,"parent":0,"menu_order":0,"comment_status":"closed","ping_status":"closed","template":"","meta":{"site-sidebar-layout":"default","site-content-layout":"","ast-site-content-layout":"","site-content-style":"default","site-sidebar-style":"default","ast-global-header-display":"","ast-banner-title-visibility":"","ast-main-header-display":"","ast-hfb-above-header-display":"","ast-hfb-below-header-display":"","ast-hfb-mobile-header-display":"","site-post-title":"disabled","ast-breadcrumbs-content":"","ast-featured-img":"","footer-sml-layout":"","theme-transparent-header-meta":"","adv-header-id-meta":"","stick-header-meta":"","header-above-stick-meta":"","header-main-stick-meta":"","header-below-stick-meta":"","astra-migrate-meta-layouts":"default","ast-page-background-enabled":"default","ast-page-background-meta":{"desktop":{"background-color":"var(--ast-global-color-4)","background-image":"","background-repeat":"repeat","background-position":"center center","background-size":"auto","background-attachment":"scroll","background-type":"","background-media":"","overlay-type":"","overlay-color":"","overlay-opacity":"","overlay-gradient":""},"tablet":{"background-color":"","background-image":"","background-repeat":"repeat","background-position":"center center","background-size":"auto","background-attachment":"scroll","background-type":"","background-media":"","overlay-type":"","overlay-color":"","overlay-opacity":"","overlay-gradient":""},"mobile":{"background-color":"","background-image":"","background-repeat":"repeat","background-position":"center center","background-size":"auto","background-attachment":"scroll","background-type":"","background-media":"","overlay-type":"","overlay-color":"","overlay-opacity":"","overlay-gradient":""}},"ast-content-background-meta":{"desktop":{"background-color":"var(--ast-global-color-5)","background-image":"","background-repeat":"repeat","background-position":"center center","background-size":"auto","background-attachment":"scroll","background-type":"","background-media":"","overlay-type":"","overlay-color":"","overlay-opacity":"","overlay-gradient":""},"tablet":{"background-color":"var(--ast-global-color-5)","background-image":"","background-repeat":"repeat","background-position":"center center","background-size":"auto","background-attachment":"scroll","background-type":"","background-media":"","overlay-type":"","overlay-color":"","overlay-opacity":"","overlay-gradient":""},"mobile":{"background-color":"var(--ast-global-color-5)","background-image":"","background-repeat":"repeat","background-position":"center center","background-size":"auto","background-attachment":"scroll","background-type":"","background-media":"","overlay-type":"","overlay-color":"","overlay-opacity":"","overlay-gradient":""}},"footnotes":""},"class_list":["post-177","page","type-page","status-publish","hentry"],"_links":{"self":[{"href":"https:\/\/estudiosretiro.com\/index.php\/wp-json\/wp\/v2\/pages\/177","targetHints":{"allow":["GET"]}}],"collection":[{"href":"https:\/\/estudiosretiro.com\/index.php\/wp-json\/wp\/v2\/pages"}],"about":[{"href":"https:\/\/estudiosretiro.com\/index.php\/wp-json\/wp\/v2\/types\/page"}],"author":[{"embeddable":true,"href":"https:\/\/estudiosretiro.com\/index.php\/wp-json\/wp\/v2\/users\/1"}],"replies":[{"embeddable":true,"href":"https:\/\/estudiosretiro.com\/index.php\/wp-json\/wp\/v2\/comments?post=177"}],"version-history":[{"count":3,"href":"https:\/\/estudiosretiro.com\/index.php\/wp-json\/wp\/v2\/pages\/177\/revisions"}],"predecessor-version":[{"id":252,"href":"https:\/\/estudiosretiro.com\/index.php\/wp-json\/wp\/v2\/pages\/177\/revisions\/252"}],"wp:attachment":[{"href":"https:\/\/estudiosretiro.com\/index.php\/wp-json\/wp\/v2\/media?parent=177"}],"curies":[{"name":"wp","href":"https:\/\/api.w.org\/{rel}","templated":true}]}}