{"id":164,"date":"2024-12-10T17:33:49","date_gmt":"2024-12-10T17:33:49","guid":{"rendered":"https:\/\/estudiosretiro.com\/?page_id=164"},"modified":"2024-12-19T19:52:41","modified_gmt":"2024-12-19T19:52:41","slug":"antonio-sobrino","status":"publish","type":"page","link":"https:\/\/estudiosretiro.com\/index.php\/antonio-sobrino\/","title":{"rendered":"Antonio Sobrino"},"content":{"rendered":"\n<div style=\"height:50px\" aria-hidden=\"true\" class=\"wp-block-spacer\"><\/div>\n\n\n\n<div class=\"wp-block-columns is-layout-flex wp-container-core-columns-is-layout-28f84493 wp-block-columns-is-layout-flex\">\n<div class=\"wp-block-column is-layout-flow wp-block-column-is-layout-flow\" style=\"flex-basis:66.66%\">\n<figure class=\"wp-block-image size-large\"><img loading=\"lazy\" decoding=\"async\" width=\"820\" height=\"1024\" src=\"https:\/\/estudiosretiro.com\/wp-content\/uploads\/2024\/12\/Sobrino-820x1024.jpg\" alt=\"\" class=\"wp-image-165\" srcset=\"https:\/\/estudiosretiro.com\/wp-content\/uploads\/2024\/12\/Sobrino-820x1024.jpg 820w, https:\/\/estudiosretiro.com\/wp-content\/uploads\/2024\/12\/Sobrino-240x300.jpg 240w, https:\/\/estudiosretiro.com\/wp-content\/uploads\/2024\/12\/Sobrino-768x959.jpg 768w, https:\/\/estudiosretiro.com\/wp-content\/uploads\/2024\/12\/Sobrino.jpg 1080w\" sizes=\"auto, (max-width: 820px) 100vw, 820px\" \/><\/figure>\n<\/div>\n\n\n\n<div class=\"wp-block-column is-layout-flow wp-block-column-is-layout-flow\" style=\"flex-basis:33.33%\">\n<h5 class=\"wp-block-heading\"><strong>Antonio Sobrino<\/strong> <a href=\"https:\/\/www.instagram.com\/antonio_sobrino\/\" data-type=\"link\" data-id=\"https:\/\/www.instagram.com\/antonio_sobrino\/\">@antonio_sobrino<\/a><\/h5>\n\n\n\n<p>Artista pl\u00e1stico. Graduado en Bellas Artes y en Ingenier\u00eda Industrial, especialidad mec\u00e1nica, por la Universidad de Sevilla. Ha obtenido dos becas Erasmus Iberoam\u00e9rica en M\u00e9xico, y una beca SICUE en la Escuela Industrial del Pa\u00eds Vasco.<\/p>\n\n\n\n<p>Gran parte de su obra actual se desarrolla en una nave industrial en la ciudad de Lebrija, donde su padre regentaba un taller mec\u00e1nico de maquinaria agr\u00edcola. Este entorno industrial y agr\u00edcola ha sido determinante en su vida y en su pr\u00e1ctica art\u00edstica. Es por ello que su obra plantea, a trav\u00e9s de diferentes tipos de materiales y procesos industriales, una b\u00fasqueda constante de relaciones y enlaces entre el trinomio arte &#8211; industria \u2013 naturaleza.<\/p>\n\n\n\n<p>Ha participado en ferias como Urvanity (Madrid, 2018) Y Arte FAMA (Monterrey, 2021).<\/p>\n\n\n\n<p>EN 2023 realiz\u00f3 su primera exposici\u00f3n individual en el espacio Lara\u00f1a, en Sevilla.<\/p>\n<\/div>\n<\/div>\n","protected":false},"excerpt":{"rendered":"<p>Antonio Sobrino @antonio_sobrino Artista pl\u00e1stico. Graduado en Bellas Artes y en Ingenier\u00eda Industrial, especialidad mec\u00e1nica, por la Universidad de Sevilla. [&hellip;]<\/p>\n","protected":false},"author":1,"featured_media":0,"parent":0,"menu_order":0,"comment_status":"closed","ping_status":"closed","template":"","meta":{"site-sidebar-layout":"default","site-content-layout":"","ast-site-content-layout":"","site-content-style":"default","site-sidebar-style":"default","ast-global-header-display":"","ast-banner-title-visibility":"","ast-main-header-display":"","ast-hfb-above-header-display":"","ast-hfb-below-header-display":"","ast-hfb-mobile-header-display":"","site-post-title":"disabled","ast-breadcrumbs-content":"","ast-featured-img":"","footer-sml-layout":"","theme-transparent-header-meta":"","adv-header-id-meta":"","stick-header-meta":"","header-above-stick-meta":"","header-main-stick-meta":"","header-below-stick-meta":"","astra-migrate-meta-layouts":"default","ast-page-background-enabled":"default","ast-page-background-meta":{"desktop":{"background-color":"var(--ast-global-color-4)","background-image":"","background-repeat":"repeat","background-position":"center center","background-size":"auto","background-attachment":"scroll","background-type":"","background-media":"","overlay-type":"","overlay-color":"","overlay-opacity":"","overlay-gradient":""},"tablet":{"background-color":"","background-image":"","background-repeat":"repeat","background-position":"center center","background-size":"auto","background-attachment":"scroll","background-type":"","background-media":"","overlay-type":"","overlay-color":"","overlay-opacity":"","overlay-gradient":""},"mobile":{"background-color":"","background-image":"","background-repeat":"repeat","background-position":"center center","background-size":"auto","background-attachment":"scroll","background-type":"","background-media":"","overlay-type":"","overlay-color":"","overlay-opacity":"","overlay-gradient":""}},"ast-content-background-meta":{"desktop":{"background-color":"var(--ast-global-color-5)","background-image":"","background-repeat":"repeat","background-position":"center center","background-size":"auto","background-attachment":"scroll","background-type":"","background-media":"","overlay-type":"","overlay-color":"","overlay-opacity":"","overlay-gradient":""},"tablet":{"background-color":"var(--ast-global-color-5)","background-image":"","background-repeat":"repeat","background-position":"center center","background-size":"auto","background-attachment":"scroll","background-type":"","background-media":"","overlay-type":"","overlay-color":"","overlay-opacity":"","overlay-gradient":""},"mobile":{"background-color":"var(--ast-global-color-5)","background-image":"","background-repeat":"repeat","background-position":"center center","background-size":"auto","background-attachment":"scroll","background-type":"","background-media":"","overlay-type":"","overlay-color":"","overlay-opacity":"","overlay-gradient":""}},"footnotes":""},"class_list":["post-164","page","type-page","status-publish","hentry"],"_links":{"self":[{"href":"https:\/\/estudiosretiro.com\/index.php\/wp-json\/wp\/v2\/pages\/164","targetHints":{"allow":["GET"]}}],"collection":[{"href":"https:\/\/estudiosretiro.com\/index.php\/wp-json\/wp\/v2\/pages"}],"about":[{"href":"https:\/\/estudiosretiro.com\/index.php\/wp-json\/wp\/v2\/types\/page"}],"author":[{"embeddable":true,"href":"https:\/\/estudiosretiro.com\/index.php\/wp-json\/wp\/v2\/users\/1"}],"replies":[{"embeddable":true,"href":"https:\/\/estudiosretiro.com\/index.php\/wp-json\/wp\/v2\/comments?post=164"}],"version-history":[{"count":2,"href":"https:\/\/estudiosretiro.com\/index.php\/wp-json\/wp\/v2\/pages\/164\/revisions"}],"predecessor-version":[{"id":228,"href":"https:\/\/estudiosretiro.com\/index.php\/wp-json\/wp\/v2\/pages\/164\/revisions\/228"}],"wp:attachment":[{"href":"https:\/\/estudiosretiro.com\/index.php\/wp-json\/wp\/v2\/media?parent=164"}],"curies":[{"name":"wp","href":"https:\/\/api.w.org\/{rel}","templated":true}]}}