{"id":159,"date":"2024-12-10T17:27:26","date_gmt":"2024-12-10T17:27:26","guid":{"rendered":"https:\/\/estudiosretiro.com\/?page_id=159"},"modified":"2025-06-01T10:24:56","modified_gmt":"2025-06-01T10:24:56","slug":"avoirse","status":"publish","type":"page","link":"https:\/\/estudiosretiro.com\/index.php\/avoirse\/","title":{"rendered":"Avoirse"},"content":{"rendered":"\n<div style=\"height:50px\" aria-hidden=\"true\" class=\"wp-block-spacer\"><\/div>\n\n\n\n<div class=\"wp-block-columns is-layout-flex wp-container-core-columns-is-layout-28f84493 wp-block-columns-is-layout-flex\">\n<div class=\"wp-block-column is-layout-flow wp-block-column-is-layout-flow\" style=\"flex-basis:66.66%\">\n<figure class=\"wp-block-image size-large\"><img loading=\"lazy\" decoding=\"async\" width=\"820\" height=\"1024\" src=\"https:\/\/estudiosretiro.com\/wp-content\/uploads\/2024\/12\/avoirse-820x1024.jpg\" alt=\"\" class=\"wp-image-160\" srcset=\"https:\/\/estudiosretiro.com\/wp-content\/uploads\/2024\/12\/avoirse-820x1024.jpg 820w, https:\/\/estudiosretiro.com\/wp-content\/uploads\/2024\/12\/avoirse-240x300.jpg 240w, https:\/\/estudiosretiro.com\/wp-content\/uploads\/2024\/12\/avoirse-768x959.jpg 768w, https:\/\/estudiosretiro.com\/wp-content\/uploads\/2024\/12\/avoirse.jpg 1080w\" sizes=\"auto, (max-width: 820px) 100vw, 820px\" \/><\/figure>\n<\/div>\n\n\n\n<div class=\"wp-block-column is-layout-flow wp-block-column-is-layout-flow\" style=\"flex-basis:33.33%\">\n<h5 class=\"wp-block-heading\"><strong>Marta Mart\u00ednez <\/strong><a href=\"https:\/\/www.instagram.com\/avoirse\/\" data-type=\"link\" data-id=\"https:\/\/www.instagram.com\/avoirse\/\">@avoirse<\/a><\/h5>\n\n\n\n<p>(C\u00e1diz, 2001).<\/p>\n\n\n\n<p>Artista pl\u00e1stica. Actualmente es estudiante del M\u00e1ster Arte: Idea y Producci\u00f3n de la Universidad de Sevilla. Graduada con honores en Bellas Artes en 2023, complet\u00f3 sus estudios en Roma. Ha recibido el Premio a Mejor Expediente de su promoci\u00f3n as\u00ed como el Premio Real Maestranza y Caballer\u00eda de Sevilla. Su trabajo, influenciado por la sobreexposici\u00f3n de im\u00e1genes en Internet, el manga, la publicidad y el fen\u00f3meno de lo cuqui, retrata la realidad como una parodia de s\u00ed misma a trav\u00e9s de la fantas\u00eda, manifestando la iron\u00eda de la pintura en un mundo hiperreal, donde una forma de expresi\u00f3n que sol\u00eda imitar la realidad ahora se encuentra inmersa en un entorno donde la realidad misma se ha convertido en una representaci\u00f3n.<\/p>\n\n\n\n<p><\/p>\n<\/div>\n<\/div>\n","protected":false},"excerpt":{"rendered":"<p>Marta Mart\u00ednez @avoirse (C\u00e1diz, 2001). Artista pl\u00e1stica. Actualmente es estudiante del M\u00e1ster Arte: Idea y Producci\u00f3n de la Universidad de [&hellip;]<\/p>\n","protected":false},"author":1,"featured_media":0,"parent":0,"menu_order":0,"comment_status":"closed","ping_status":"closed","template":"","meta":{"site-sidebar-layout":"default","site-content-layout":"","ast-site-content-layout":"","site-content-style":"default","site-sidebar-style":"default","ast-global-header-display":"","ast-banner-title-visibility":"","ast-main-header-display":"","ast-hfb-above-header-display":"","ast-hfb-below-header-display":"","ast-hfb-mobile-header-display":"","site-post-title":"disabled","ast-breadcrumbs-content":"","ast-featured-img":"","footer-sml-layout":"","theme-transparent-header-meta":"","adv-header-id-meta":"","stick-header-meta":"","header-above-stick-meta":"","header-main-stick-meta":"","header-below-stick-meta":"","astra-migrate-meta-layouts":"default","ast-page-background-enabled":"default","ast-page-background-meta":{"desktop":{"background-color":"var(--ast-global-color-4)","background-image":"","background-repeat":"repeat","background-position":"center center","background-size":"auto","background-attachment":"scroll","background-type":"","background-media":"","overlay-type":"","overlay-color":"","overlay-opacity":"","overlay-gradient":""},"tablet":{"background-color":"","background-image":"","background-repeat":"repeat","background-position":"center center","background-size":"auto","background-attachment":"scroll","background-type":"","background-media":"","overlay-type":"","overlay-color":"","overlay-opacity":"","overlay-gradient":""},"mobile":{"background-color":"","background-image":"","background-repeat":"repeat","background-position":"center center","background-size":"auto","background-attachment":"scroll","background-type":"","background-media":"","overlay-type":"","overlay-color":"","overlay-opacity":"","overlay-gradient":""}},"ast-content-background-meta":{"desktop":{"background-color":"var(--ast-global-color-5)","background-image":"","background-repeat":"repeat","background-position":"center center","background-size":"auto","background-attachment":"scroll","background-type":"","background-media":"","overlay-type":"","overlay-color":"","overlay-opacity":"","overlay-gradient":""},"tablet":{"background-color":"var(--ast-global-color-5)","background-image":"","background-repeat":"repeat","background-position":"center center","background-size":"auto","background-attachment":"scroll","background-type":"","background-media":"","overlay-type":"","overlay-color":"","overlay-opacity":"","overlay-gradient":""},"mobile":{"background-color":"var(--ast-global-color-5)","background-image":"","background-repeat":"repeat","background-position":"center center","background-size":"auto","background-attachment":"scroll","background-type":"","background-media":"","overlay-type":"","overlay-color":"","overlay-opacity":"","overlay-gradient":""}},"footnotes":""},"class_list":["post-159","page","type-page","status-publish","hentry"],"_links":{"self":[{"href":"https:\/\/estudiosretiro.com\/index.php\/wp-json\/wp\/v2\/pages\/159","targetHints":{"allow":["GET"]}}],"collection":[{"href":"https:\/\/estudiosretiro.com\/index.php\/wp-json\/wp\/v2\/pages"}],"about":[{"href":"https:\/\/estudiosretiro.com\/index.php\/wp-json\/wp\/v2\/types\/page"}],"author":[{"embeddable":true,"href":"https:\/\/estudiosretiro.com\/index.php\/wp-json\/wp\/v2\/users\/1"}],"replies":[{"embeddable":true,"href":"https:\/\/estudiosretiro.com\/index.php\/wp-json\/wp\/v2\/comments?post=159"}],"version-history":[{"count":3,"href":"https:\/\/estudiosretiro.com\/index.php\/wp-json\/wp\/v2\/pages\/159\/revisions"}],"predecessor-version":[{"id":234,"href":"https:\/\/estudiosretiro.com\/index.php\/wp-json\/wp\/v2\/pages\/159\/revisions\/234"}],"wp:attachment":[{"href":"https:\/\/estudiosretiro.com\/index.php\/wp-json\/wp\/v2\/media?parent=159"}],"curies":[{"name":"wp","href":"https:\/\/api.w.org\/{rel}","templated":true}]}}