{"id":145,"date":"2024-12-10T17:10:50","date_gmt":"2024-12-10T17:10:50","guid":{"rendered":"https:\/\/estudiosretiro.com\/?page_id=145"},"modified":"2025-06-01T10:41:14","modified_gmt":"2025-06-01T10:41:14","slug":"andres-aparicio","status":"publish","type":"page","link":"https:\/\/estudiosretiro.com\/index.php\/andres-aparicio\/","title":{"rendered":"Andr\u00e9s Aparicio"},"content":{"rendered":"\n<div style=\"height:50px\" aria-hidden=\"true\" class=\"wp-block-spacer\"><\/div>\n\n\n\n<div class=\"wp-block-columns is-layout-flex wp-container-core-columns-is-layout-28f84493 wp-block-columns-is-layout-flex\">\n<div class=\"wp-block-column is-layout-flow wp-block-column-is-layout-flow\" style=\"flex-basis:66.66%\">\n<figure class=\"wp-block-image size-large\"><img loading=\"lazy\" decoding=\"async\" width=\"1024\" height=\"1024\" src=\"https:\/\/estudiosretiro.com\/wp-content\/uploads\/2024\/12\/andres_aparicio-1024x1024.jpg\" alt=\"\" class=\"wp-image-146\" srcset=\"https:\/\/estudiosretiro.com\/wp-content\/uploads\/2024\/12\/andres_aparicio-1024x1024.jpg 1024w, https:\/\/estudiosretiro.com\/wp-content\/uploads\/2024\/12\/andres_aparicio-300x300.jpg 300w, https:\/\/estudiosretiro.com\/wp-content\/uploads\/2024\/12\/andres_aparicio-150x150.jpg 150w, https:\/\/estudiosretiro.com\/wp-content\/uploads\/2024\/12\/andres_aparicio-768x768.jpg 768w, https:\/\/estudiosretiro.com\/wp-content\/uploads\/2024\/12\/andres_aparicio.jpg 1080w\" sizes=\"auto, (max-width: 1024px) 100vw, 1024px\" \/><\/figure>\n<\/div>\n\n\n\n<div class=\"wp-block-column is-layout-flow wp-block-column-is-layout-flow\" style=\"flex-basis:33.33%\">\n<h5 class=\"wp-block-heading\"><strong>Andr\u00e9s Aparicio<\/strong> <a href=\"https:\/\/www.instagram.com\/andres___aparicio\/\" data-type=\"link\" data-id=\"https:\/\/www.instagram.com\/andres___aparicio\/\">@andres___aparicio<\/a><\/h5>\n\n\n\n<p>(Villarrasa, Huelva, 1989)<br>Artista pl\u00e1stico y dise\u00f1ador de mobiliario. Vive y trabaja en Sevilla. Graduado en Conservaci\u00f3n y Restauraci\u00f3n y en Bellas Artes por la Universidad de Sevilla. Cursa su \u00faltimo a\u00f1o de carrera en Palermo (Italia), ciudad que lo marcar\u00e1 e influir\u00e1 determinantemente en su obra, encontrando inspiraci\u00f3n en sus gentes, historias, leyendas y mercados. <\/p>\n\n\n\n<p>Su trabajo es consecuencia de la predisposici\u00f3n a cuestionarse el sentido de la pintura como modo de expresi\u00f3n, como est\u00e9tica y t\u00e9cnica, destacando el inter\u00e9s en c\u00f3mo aplicarla. Bajo la filosof\u00eda de que carece de sentido buscar una justificaci\u00f3n para la realizaci\u00f3n de una obra, el tema principal de su producci\u00f3n art\u00edstica pasa a ser el juego entre la pintura y la elecci\u00f3n de la imagen.<\/p>\n\n\n\n<p><\/p>\n<\/div>\n<\/div>\n","protected":false},"excerpt":{"rendered":"<p>Andr\u00e9s Aparicio @andres___aparicio (Villarrasa, Huelva, 1989)Artista pl\u00e1stico y dise\u00f1ador de mobiliario. Vive y trabaja en Sevilla. Graduado en Conservaci\u00f3n y [&hellip;]<\/p>\n","protected":false},"author":1,"featured_media":0,"parent":0,"menu_order":0,"comment_status":"closed","ping_status":"closed","template":"","meta":{"site-sidebar-layout":"default","site-content-layout":"","ast-site-content-layout":"","site-content-style":"default","site-sidebar-style":"default","ast-global-header-display":"","ast-banner-title-visibility":"","ast-main-header-display":"","ast-hfb-above-header-display":"","ast-hfb-below-header-display":"","ast-hfb-mobile-header-display":"","site-post-title":"disabled","ast-breadcrumbs-content":"","ast-featured-img":"","footer-sml-layout":"","theme-transparent-header-meta":"","adv-header-id-meta":"","stick-header-meta":"","header-above-stick-meta":"","header-main-stick-meta":"","header-below-stick-meta":"","astra-migrate-meta-layouts":"default","ast-page-background-enabled":"default","ast-page-background-meta":{"desktop":{"background-color":"var(--ast-global-color-4)","background-image":"","background-repeat":"repeat","background-position":"center center","background-size":"auto","background-attachment":"scroll","background-type":"","background-media":"","overlay-type":"","overlay-color":"","overlay-opacity":"","overlay-gradient":""},"tablet":{"background-color":"","background-image":"","background-repeat":"repeat","background-position":"center center","background-size":"auto","background-attachment":"scroll","background-type":"","background-media":"","overlay-type":"","overlay-color":"","overlay-opacity":"","overlay-gradient":""},"mobile":{"background-color":"","background-image":"","background-repeat":"repeat","background-position":"center center","background-size":"auto","background-attachment":"scroll","background-type":"","background-media":"","overlay-type":"","overlay-color":"","overlay-opacity":"","overlay-gradient":""}},"ast-content-background-meta":{"desktop":{"background-color":"var(--ast-global-color-5)","background-image":"","background-repeat":"repeat","background-position":"center center","background-size":"auto","background-attachment":"scroll","background-type":"","background-media":"","overlay-type":"","overlay-color":"","overlay-opacity":"","overlay-gradient":""},"tablet":{"background-color":"var(--ast-global-color-5)","background-image":"","background-repeat":"repeat","background-position":"center center","background-size":"auto","background-attachment":"scroll","background-type":"","background-media":"","overlay-type":"","overlay-color":"","overlay-opacity":"","overlay-gradient":""},"mobile":{"background-color":"var(--ast-global-color-5)","background-image":"","background-repeat":"repeat","background-position":"center center","background-size":"auto","background-attachment":"scroll","background-type":"","background-media":"","overlay-type":"","overlay-color":"","overlay-opacity":"","overlay-gradient":""}},"footnotes":""},"class_list":["post-145","page","type-page","status-publish","hentry"],"_links":{"self":[{"href":"https:\/\/estudiosretiro.com\/index.php\/wp-json\/wp\/v2\/pages\/145","targetHints":{"allow":["GET"]}}],"collection":[{"href":"https:\/\/estudiosretiro.com\/index.php\/wp-json\/wp\/v2\/pages"}],"about":[{"href":"https:\/\/estudiosretiro.com\/index.php\/wp-json\/wp\/v2\/types\/page"}],"author":[{"embeddable":true,"href":"https:\/\/estudiosretiro.com\/index.php\/wp-json\/wp\/v2\/users\/1"}],"replies":[{"embeddable":true,"href":"https:\/\/estudiosretiro.com\/index.php\/wp-json\/wp\/v2\/comments?post=145"}],"version-history":[{"count":5,"href":"https:\/\/estudiosretiro.com\/index.php\/wp-json\/wp\/v2\/pages\/145\/revisions"}],"predecessor-version":[{"id":249,"href":"https:\/\/estudiosretiro.com\/index.php\/wp-json\/wp\/v2\/pages\/145\/revisions\/249"}],"wp:attachment":[{"href":"https:\/\/estudiosretiro.com\/index.php\/wp-json\/wp\/v2\/media?parent=145"}],"curies":[{"name":"wp","href":"https:\/\/api.w.org\/{rel}","templated":true}]}}