{"id":119,"date":"2024-12-10T10:32:40","date_gmt":"2024-12-10T10:32:40","guid":{"rendered":"https:\/\/estudiosretiro.com\/?page_id=119"},"modified":"2024-12-10T17:21:47","modified_gmt":"2024-12-10T17:21:47","slug":"israel-tirado","status":"publish","type":"page","link":"https:\/\/estudiosretiro.com\/index.php\/israel-tirado\/","title":{"rendered":"Israel Tirado"},"content":{"rendered":"\n<div style=\"height:50px\" aria-hidden=\"true\" class=\"wp-block-spacer\"><\/div>\n\n\n\n<div class=\"wp-block-columns is-layout-flex wp-container-core-columns-is-layout-28f84493 wp-block-columns-is-layout-flex\">\n<div class=\"wp-block-column is-layout-flow wp-block-column-is-layout-flow\" style=\"flex-basis:66.66%\">\n<figure class=\"wp-block-image size-large\"><img loading=\"lazy\" decoding=\"async\" width=\"820\" height=\"1024\" src=\"https:\/\/estudiosretiro.com\/wp-content\/uploads\/2024\/12\/isra-820x1024.jpg\" alt=\"\" class=\"wp-image-121\" srcset=\"https:\/\/estudiosretiro.com\/wp-content\/uploads\/2024\/12\/isra-820x1024.jpg 820w, https:\/\/estudiosretiro.com\/wp-content\/uploads\/2024\/12\/isra-240x300.jpg 240w, https:\/\/estudiosretiro.com\/wp-content\/uploads\/2024\/12\/isra-768x959.jpg 768w, https:\/\/estudiosretiro.com\/wp-content\/uploads\/2024\/12\/isra.jpg 1080w\" sizes=\"auto, (max-width: 820px) 100vw, 820px\" \/><\/figure>\n<\/div>\n\n\n\n<div class=\"wp-block-column is-layout-flow wp-block-column-is-layout-flow\" style=\"flex-basis:33.33%\">\n<h5 class=\"wp-block-heading\"><strong>Israel Tirado<\/strong> <a href=\"https:\/\/www.instagram.com\/israeltirado_\/\" data-type=\"link\" data-id=\"https:\/\/www.instagram.com\/israeltirado_\/\">@israeltirado_<\/a><\/h5>\n\n\n\n<p>El trabajo art\u00edstico de Israel se nutre de una fusi\u00f3n entre su formaci\u00f3n en arquitectura y las bellas artes. La casa como elemento arquitect\u00f3nico primordial constituye un s\u00edmbolo universal ligado a la idea de hogar. Estas arquitecturas, ubicadas en espacios ficcionados, son reflejos h\u00edbridos de lugares tanto vividos como imaginados, y se convierten en poderosos s\u00edmbolos de identidad, pertenencia y cuestionamiento.<\/p>\n\n\n\n<p>Interesado en c\u00f3mo evoluciona y se desarrolla la idea, en su proceso de creaci\u00f3n art\u00edstica Israel explora la fusi\u00f3n de medios anal\u00f3gicos y tecnol\u00f3gicos utilizando procedimientos como las maquetas virtuales y f\u00edsicas que unidas a su postproducci\u00f3n digital se convierten en artefactos cruciales, puntos de inflexi\u00f3n donde las ideas se transforman y maduran. Estas representaciones arquitect\u00f3nicas se convierten en el terreno de juego para la experimentaci\u00f3n y la b\u00fasqueda capturando la esencia de los espacios tomados desde \u00e1ngulos m\u00faltiples, para luego ser reimaginados, reinterpretados y desarrollados pl\u00e1sticamente a trav\u00e9s de la pintura en una dimensi\u00f3n que quiere desafiar tanto el tiempo como el espacio.<\/p>\n\n\n\n<p>Con referencias a la pintura neometaf\u00edsica y en autores como Bachelard o John M. Coetzee sus representaciones quieren transcender el tiempo buscando nuevas interpretaciones de nuestra realidad y existencia. En esta b\u00fasqueda art\u00edstica, Tirado desarrolla una voz distintiva on\u00edrica con la que pretende elevar el concepto de la casa m\u00e1s all\u00e1 de una mera estructura f\u00edsica, transform\u00e1ndola en un reflejo \u00edntimo y personal del individuo.<\/p>\n<\/div>\n<\/div>\n","protected":false},"excerpt":{"rendered":"<p>Israel Tirado @israeltirado_ El trabajo art\u00edstico de Israel se nutre de una fusi\u00f3n entre su formaci\u00f3n en arquitectura y las [&hellip;]<\/p>\n","protected":false},"author":1,"featured_media":0,"parent":0,"menu_order":0,"comment_status":"closed","ping_status":"closed","template":"","meta":{"site-sidebar-layout":"default","site-content-layout":"","ast-site-content-layout":"","site-content-style":"default","site-sidebar-style":"default","ast-global-header-display":"","ast-banner-title-visibility":"","ast-main-header-display":"","ast-hfb-above-header-display":"","ast-hfb-below-header-display":"","ast-hfb-mobile-header-display":"","site-post-title":"disabled","ast-breadcrumbs-content":"","ast-featured-img":"","footer-sml-layout":"","theme-transparent-header-meta":"","adv-header-id-meta":"","stick-header-meta":"","header-above-stick-meta":"","header-main-stick-meta":"","header-below-stick-meta":"","astra-migrate-meta-layouts":"default","ast-page-background-enabled":"default","ast-page-background-meta":{"desktop":{"background-color":"var(--ast-global-color-4)","background-image":"","background-repeat":"repeat","background-position":"center center","background-size":"auto","background-attachment":"scroll","background-type":"","background-media":"","overlay-type":"","overlay-color":"","overlay-opacity":"","overlay-gradient":""},"tablet":{"background-color":"","background-image":"","background-repeat":"repeat","background-position":"center center","background-size":"auto","background-attachment":"scroll","background-type":"","background-media":"","overlay-type":"","overlay-color":"","overlay-opacity":"","overlay-gradient":""},"mobile":{"background-color":"","background-image":"","background-repeat":"repeat","background-position":"center center","background-size":"auto","background-attachment":"scroll","background-type":"","background-media":"","overlay-type":"","overlay-color":"","overlay-opacity":"","overlay-gradient":""}},"ast-content-background-meta":{"desktop":{"background-color":"var(--ast-global-color-5)","background-image":"","background-repeat":"repeat","background-position":"center center","background-size":"auto","background-attachment":"scroll","background-type":"","background-media":"","overlay-type":"","overlay-color":"","overlay-opacity":"","overlay-gradient":""},"tablet":{"background-color":"var(--ast-global-color-5)","background-image":"","background-repeat":"repeat","background-position":"center center","background-size":"auto","background-attachment":"scroll","background-type":"","background-media":"","overlay-type":"","overlay-color":"","overlay-opacity":"","overlay-gradient":""},"mobile":{"background-color":"var(--ast-global-color-5)","background-image":"","background-repeat":"repeat","background-position":"center center","background-size":"auto","background-attachment":"scroll","background-type":"","background-media":"","overlay-type":"","overlay-color":"","overlay-opacity":"","overlay-gradient":""}},"footnotes":""},"class_list":["post-119","page","type-page","status-publish","hentry"],"_links":{"self":[{"href":"https:\/\/estudiosretiro.com\/index.php\/wp-json\/wp\/v2\/pages\/119","targetHints":{"allow":["GET"]}}],"collection":[{"href":"https:\/\/estudiosretiro.com\/index.php\/wp-json\/wp\/v2\/pages"}],"about":[{"href":"https:\/\/estudiosretiro.com\/index.php\/wp-json\/wp\/v2\/types\/page"}],"author":[{"embeddable":true,"href":"https:\/\/estudiosretiro.com\/index.php\/wp-json\/wp\/v2\/users\/1"}],"replies":[{"embeddable":true,"href":"https:\/\/estudiosretiro.com\/index.php\/wp-json\/wp\/v2\/comments?post=119"}],"version-history":[{"count":5,"href":"https:\/\/estudiosretiro.com\/index.php\/wp-json\/wp\/v2\/pages\/119\/revisions"}],"predecessor-version":[{"id":154,"href":"https:\/\/estudiosretiro.com\/index.php\/wp-json\/wp\/v2\/pages\/119\/revisions\/154"}],"wp:attachment":[{"href":"https:\/\/estudiosretiro.com\/index.php\/wp-json\/wp\/v2\/media?parent=119"}],"curies":[{"name":"wp","href":"https:\/\/api.w.org\/{rel}","templated":true}]}}